{"id":216,"date":"2026-03-11T06:48:15","date_gmt":"2026-03-10T22:48:15","guid":{"rendered":"https:\/\/www.osaniobath.com\/?post_type=product&#038;p=216"},"modified":"2026-03-11T06:48:28","modified_gmt":"2026-03-10T22:48:28","slug":"216","status":"publish","type":"product","link":"https:\/\/www.osaniobath.com\/ar\/product\/216\/","title":{"rendered":"OS188-1200"},"content":{"rendered":"<p><strong>\u0627\u0644\u062e\u0632\u0627\u0646\u0629 \u0627\u0644\u0631\u0626\u064a\u0633\u064a\u0629:<\/strong> 1190 \u00d7 460 \u00d7 460 \u00d7 411 \u0645\u0645<br \/>\n<strong>\u0627\u0644\u0645\u0631\u0622\u0629 \uff1a<\/strong>455 \u00d7 70 \u00d7 680 \u0645\u0645 \u00d7 680 \u0645\u0645 \u00d7 2<br \/>\n<strong>\u0627\u0644\u0645\u0627\u062f\u0629:<\/strong> \u062e\u0634\u0628 \u0631\u0642\u0627\u0626\u0642\u064a \uff08\u062e\u0634\u0628 \u0631\u0642\u0627\u0626\u0642\u064a \uff08\u062e\u0627\u0645\u0629 \u0627\u062e\u062a\u064a\u0627\u0631\u064a\u0629)<br \/>\n<strong>\u0627\u0644\u0647\u064a\u0643\u0644:<\/strong> \u0628\u0627\u0628\u0627\u0646<br \/>\n<strong>\u0627\u0644\u0623\u062c\u0647\u0632\u0629:<\/strong> \u0645\u0646\u0632\u0644\u0642\u0627\u062a \u0627\u0644\u0625\u063a\u0644\u0627\u0642 \u0627\u0644\u0646\u0627\u0639\u0645 \u0645\u0646 \u064a\u0648\u0646\u064a\u0647\u0648\u0628\u0631<br \/>\n<strong>\u0627\u0644\u062d\u0648\u0636:<\/strong> \u062d\u0648\u0636 \u0645\u063a\u0637\u0649 \u0628\u0627\u0644\u062c\u0644 \u0627\u0644\u0623\u0628\u064a\u0636 \u0627\u0644\u0644\u0627\u0645\u0639\/\u0645\u0637\u0644\u064a \u0628\u0627\u0644\u062c\u0644 \uff08\u0627\u062e\u062a\u064a\u0627\u0631\u064a\uff09<\/p>","protected":false},"author":1,"featured_media":217,"template":"","meta":{"_acf_changed":false},"product_category":[5,13],"class_list":["post-216","product","type-product","status-publish","has-post-thumbnail","hentry","product_category-bathroom-vanity-mirror","product_category-wooden"],"acf":[],"_links":{"self":[{"href":"https:\/\/www.osaniobath.com\/ar\/wp-json\/wp\/v2\/product\/216","targetHints":{"allow":["GET"]}}],"collection":[{"href":"https:\/\/www.osaniobath.com\/ar\/wp-json\/wp\/v2\/product"}],"about":[{"href":"https:\/\/www.osaniobath.com\/ar\/wp-json\/wp\/v2\/types\/product"}],"author":[{"embeddable":true,"href":"https:\/\/www.osaniobath.com\/ar\/wp-json\/wp\/v2\/users\/1"}],"wp:featuredmedia":[{"embeddable":true,"href":"https:\/\/www.osaniobath.com\/ar\/wp-json\/wp\/v2\/media\/217"}],"wp:attachment":[{"href":"https:\/\/www.osaniobath.com\/ar\/wp-json\/wp\/v2\/media?parent=216"}],"wp:term":[{"taxonomy":"product_category","embeddable":true,"href":"https:\/\/www.osaniobath.com\/ar\/wp-json\/wp\/v2\/product_category?post=216"}],"curies":[{"name":"wp","href":"https:\/\/api.w.org\/{rel}","templated":true}]}}